{"id":382,"date":"2025-11-28T16:14:51","date_gmt":"2025-11-28T16:14:51","guid":{"rendered":"https:\/\/neva.dk\/?page_id=382"},"modified":"2026-01-08T16:36:03","modified_gmt":"2026-01-08T16:36:03","slug":"neva","status":"publish","type":"page","link":"http:\/\/neva.dk\/","title":{"rendered":"neva"},"content":{"rendered":"<div class=\"et_pb_section_0 et_pb_section et_section_regular et_block_section et_pb_section_parallax\"><span class=\"et-pb-parallax-wrapper\"><span class=\"et-pb-parallax-background et-pb-parallax-background-module--divi-section-0\" style=\"background-image:url(http:\/\/neva.dk\/wp-content\/uploads\/2025\/11\/side01.jpg)\"><\/span><span class=\"et_parallax_gradient\" style=\"background-image:linear-gradient(180deg, rgba(0,0,0,0.29) 0%,rgba(255,255,255,0) 100% 100%);mix-blend-mode:true\"><\/span><\/span><span class=\"et_pb_background_mask\"><\/span>\n<div class=\"et_pb_row_0 et_pb_row et_flex_row preset--module--divi-row--5138c454-be54-4233-bd3b-f8e6a8747976\">\n<div class=\"et_pb_column_0 et_pb_column et-last-child et_flex_column et_pb_css_mix_blend_mode_passthrough et_flex_column_12_24 et_flex_column_12_24_tablet et_flex_column_24_24_phone preset--module--divi-column--73121f80-a3ef-4484-8763-c3f18e3c56d2\">\n<div class=\"et_pb_heading_0 et_pb_heading et_pb_module et_block_module preset--module--divi-heading--ddeb8c09-9078-4424-bc15-2efb6572e28e\"><div class=\"et_pb_heading_container\"><h1 class=\"et_pb_module_header\">Oplev Ivan Balleby &#8211; Trubaduren<\/h1><\/div><\/div>\n\n<div class=\"et_pb_text_0 et_pb_text et_pb_bg_layout_light et_pb_module et_block_module preset--module--divi-text--2c55a9c4-feed-423b-9edb-ae0b5b365cac\"><div class=\"et_pb_text_inner\"><p>En verden med guitar og sang. Ivan Ballebys giver altid, alt hvad han har.Han nyder at spille og synge.<\/p>\n<\/div><\/div>\n<\/div>\n<\/div>\n\n<div class=\"et_pb_row_1 et_pb_row et_flex_row preset--module--divi-row--5138c454-be54-4233-bd3b-f8e6a8747976\">\n<div class=\"et_pb_column_1 et_pb_column et-last-child et_flex_column et_pb_css_mix_blend_mode_passthrough et_flex_column_12_24 et_flex_column_12_24_tablet et_flex_column_24_24_phone preset--module--divi-column--73121f80-a3ef-4484-8763-c3f18e3c56d2\">\n<div class=\"et_pb_heading_1 et_pb_heading et_pb_module et_block_module preset--module--divi-heading--f0c675ea-2574-4d0e-b725-30f8550a8550\"><div class=\"et_pb_heading_container\"><h4 class=\"et_pb_module_header\">Musikalsk Magi i Hver Tone<\/h4><\/div><\/div>\n<\/div>\n<\/div>\n<\/div>\n\n<div class=\"et_pb_section_1 et_pb_section et_section_regular et_block_section\">\n<div class=\"et_pb_row_2 et_pb_row et_pb_gutters3 et_block_row\">\n<div class=\"et_pb_column_2 et_pb_column et_pb_column_4_4 et-last-child et_block_column et_pb_css_mix_blend_mode_passthrough\">\n<div class=\"et_pb_heading_2 et_pb_heading et_pb_module et_block_module preset--module--divi-heading--c33f07d9-41e0-421a-8799-5799df695cce\"><div class=\"et_pb_heading_container\"><h2 class=\"et_pb_module_header\">Om Ivan Balleby<\/h2><\/div><\/div>\n<\/div>\n<\/div>\n\n<div class=\"et_pb_row_3 et_pb_row et_pb_gutters3 et_block_row\">\n<div class=\"et_pb_column_3 et_pb_column et_pb_column_1_2 et_block_column et_pb_css_mix_blend_mode_passthrough\">\n<div class=\"et_pb_text_1 et_pb_text et_pb_bg_layout_light et_pb_module et_block_module preset--module--divi-text--2c55a9c4-feed-423b-9edb-ae0b5b365cac\"><div class=\"et_pb_text_inner\"><p>Ivan Balleby, ogs\u00e5 kendt som Trubaduren, har en passion for musik, der str\u00e6kker sig over flere \u00e5rtier. Med en dyb k\u00e6rlighed til guitar og sang, har Ivan rejst gennem musikalske landskaber og delt sin kunst med publikum over hele landet. Hans rejse begyndte i de tidlige ungdoms\u00e5r, hvor han opdagede sin evne til at r\u00f8re hjerter gennem musikken. Ivan har optr\u00e5dt p\u00e5 utallige scener, fra intime caf\u00e9er til store festivaler, altid med en mission om at bringe gl\u00e6de og inspiration til sine lyttere. Hans repertoire sp\u00e6nder bredt, og hver optr\u00e6den er en unik oplevelse, der efterlader et varigt indtryk.<\/p>\n<\/div><\/div>\n<\/div>\n\n<div class=\"et_pb_column_4 et_pb_column et_pb_column_1_2 et-last-child et_block_column et_pb_css_mix_blend_mode_passthrough\">\n<div class=\"et_pb_image_0 et_pb_image et_pb_module et_flex_module\"><span class=\"et_pb_image_wrap\"><img loading=\"lazy\" decoding=\"async\" src=\"http:\/\/neva.dk\/wp-content\/uploads\/2023\/10\/IMG_0603-e1698719410957-1024x980.jpeg\" width=\"1024\" height=\"980\" srcset=\"http:\/\/neva.dk\/wp-content\/uploads\/2023\/10\/IMG_0603-e1698719410957-980x551.jpeg 980w, http:\/\/neva.dk\/wp-content\/uploads\/2023\/10\/IMG_0603-e1698719410957-480x270.jpeg 480w\" sizes=\"(min-width: 0px) and (max-width: 480px) 480px, (min-width: 481px) and (max-width: 980px) 980px, (min-width: 981px) 1024px, 100vw\" class=\"wp-image-51\" \/><\/span><\/div>\n<\/div>\n<\/div>\n<\/div>\n\n<div class=\"et_pb_section_2 et_pb_section et_section_regular et_block_section\">\n<div class=\"et_pb_row_4 et_pb_row et_pb_gutters3 et_block_row preset--module--divi-row--5138c454-be54-4233-bd3b-f8e6a8747976\">\n<div class=\"et_pb_column_5 et_pb_column et_pb_column_4_4 et-last-child et_block_column et_pb_css_mix_blend_mode_passthrough preset--module--divi-column--73121f80-a3ef-4484-8763-c3f18e3c56d2\">\n<div class=\"et_pb_heading_3 et_pb_heading et_pb_module et_block_module preset--module--divi-heading--c33f07d9-41e0-421a-8799-5799df695cce\"><div class=\"et_pb_heading_container\"><h2 class=\"et_pb_module_header\">Trubadurens Tilbud<\/h2><\/div><\/div>\n<\/div>\n<\/div>\n\n<div class=\"et_pb_row_5 et_pb_row et_pb_gutters3 et_block_row preset--module--divi-row--5138c454-be54-4233-bd3b-f8e6a8747976\">\n<div class=\"et_pb_column_6 et_pb_column et_pb_column_1_2 et_block_column et_pb_css_mix_blend_mode_passthrough preset--module--divi-column--73121f80-a3ef-4484-8763-c3f18e3c56d2\">\n<div class=\"et_pb_blurb_0 et_pb_blurb et_pb_bg_layout_light et_pb_text_align_left et_pb_blurb_position_top et_pb_module et_block_module preset--module--divi-blurb--212b201d-2c34-41bd-936c-851b7357d08b\"><div class=\"et_pb_blurb_content\"><div class=\"et_pb_main_blurb_image\"><span class=\"et_pb_image_wrap\"><span class=\"et-pb-icon et-waypoint et_pb_animation_off et_pb_animation_off_tablet et_pb_animation_off_phone\">\uf7a6<\/span><\/span><\/div><div class=\"et_pb_blurb_container\"><h4 class=\"et_pb_module_header\">Koncertoptr\u00e6dener<\/h4><div class=\"et_pb_blurb_description\"><p>Ivan Balleby tilbyder uforglemmelige koncertoplevelser, der kombinerer dygtig guitarspil med sj\u00e6lfuld sang. Perfekt til b\u00e5de store og sm\u00e5 begivenheder. fester, cafeer, v\u00e6rtshuse,.<\/p>\n<\/div><\/div><\/div><\/div>\n<\/div>\n\n<div class=\"et_pb_column_7 et_pb_column et_pb_column_1_2 et-last-child et_block_column et_pb_css_mix_blend_mode_passthrough preset--module--divi-column--73121f80-a3ef-4484-8763-c3f18e3c56d2\">\n<div class=\"et_pb_blurb_1 et_pb_blurb et_pb_bg_layout_light et_pb_text_align_left et_pb_blurb_position_top et_pb_module et_block_module preset--module--divi-blurb--212b201d-2c34-41bd-936c-851b7357d08b\"><div class=\"et_pb_blurb_content\"><div class=\"et_pb_main_blurb_image\"><span class=\"et_pb_image_wrap\"><span class=\"et-pb-icon et-waypoint et_pb_animation_off et_pb_animation_off_tablet et_pb_animation_off_phone\">\uf0a9<\/span><\/span><\/div><div class=\"et_pb_blurb_container\"><h4 class=\"et_pb_module_header\">Musikalske Arrangementer<\/h4><div class=\"et_pb_blurb_description\"><p>Fra bryllupper, f\u00f8dselsdagsfester til firmafester, Ivan skaber den perfekte musikalske atmosf\u00e6re, der g\u00f8r enhver begivenhed mindev\u00e6rdig.<\/p>\n<\/div><\/div><\/div><\/div>\n<\/div>\n<\/div>\n<\/div>\n\n<div class=\"et_pb_section_3 et_pb_section et_section_regular et_block_section\">\n<div class=\"et_pb_row_6 et_pb_row et_pb_gutters3 et_block_row preset--module--divi-row--5138c454-be54-4233-bd3b-f8e6a8747976\">\n<div class=\"et_pb_column_8 et_pb_column et_pb_column_4_4 et-last-child et_block_column et_pb_css_mix_blend_mode_passthrough preset--module--divi-column--73121f80-a3ef-4484-8763-c3f18e3c56d2\">\n<div class=\"et_pb_heading_4 et_pb_heading et_pb_module et_block_module preset--module--divi-heading--c33f07d9-41e0-421a-8799-5799df695cce\"><div class=\"et_pb_heading_container\"><h2 class=\"et_pb_module_header\">Lyduniverset af Ivan Balleby<\/h2><\/div><\/div>\n<\/div>\n<\/div>\n\n<div class=\"et_pb_row_7 et_pb_row et_pb_gutters3 et_block_row preset--module--divi-row--5138c454-be54-4233-bd3b-f8e6a8747976\">\n<div class=\"et_pb_column_9 et_pb_column et_pb_column_4_4 et-last-child et_block_column et_pb_css_mix_blend_mode_passthrough preset--module--divi-column--73121f80-a3ef-4484-8763-c3f18e3c56d2\">\n<div class=\"et_pb_audio_0 et_pb_audio et_pb_audio_module et_pb_bg_layout_dark et_pb_text_align_left et_pb_module et_block_module preset--module--divi-audio--7f344681-f519-49a2-af1c-60e2bd0bfe2a\"><div class=\"et_pb_audio_cover_art\" style=\"background-image:url(http:\/\/neva.dk\/wp-content\/uploads\/2024\/06\/IMG_3422.jpeg)\"><\/div><div class=\"et_pb_audio_module_content et_audio_container\"><h2 class=\"et_pb_module_header\">Melodistumper<\/h2><p class=\"et_audio_module_meta\">af <strong>Ivan Balleby<\/strong><\/p><audio class=\"wp-audio-shortcode\" id=\"audio-382-1\" preload=\"none\" style=\"width: 100%;\" controls=\"controls\"><source type=\"audio\/mpeg\" src=\"http:\/\/neva.dk\/wp-content\/uploads\/2023\/10\/Ny-demo111.mp3?_=1\" \/><a href=\"http:\/\/neva.dk\/wp-content\/uploads\/2023\/10\/Ny-demo111.mp3\">http:\/\/neva.dk\/wp-content\/uploads\/2023\/10\/Ny-demo111.mp3<\/a><\/audio><\/div><\/div>\n\n<div class=\"et_pb_audio_1 et_pb_audio et_pb_audio_module et_pb_bg_layout_dark et_pb_text_align_left et_pb_module et_block_module preset--module--divi-audio--7f344681-f519-49a2-af1c-60e2bd0bfe2a\"><div class=\"et_pb_audio_cover_art\" style=\"background-image:url(http:\/\/neva.dk\/wp-content\/uploads\/2024\/06\/IMG_3244.png)\"><\/div><div class=\"et_pb_audio_module_content et_audio_container\"><h2 class=\"et_pb_module_header\">flere stumper<\/h2><p class=\"et_audio_module_meta\">af <strong>Ivan Balleby<\/strong><\/p><audio class=\"wp-audio-shortcode\" id=\"audio-382-2\" preload=\"none\" style=\"width: 100%;\" controls=\"controls\"><source type=\"audio\/mpeg\" src=\"http:\/\/neva.dk\/wp-content\/uploads\/2023\/10\/nyndemo11112.mp3?_=2\" \/><a href=\"http:\/\/neva.dk\/wp-content\/uploads\/2023\/10\/nyndemo11112.mp3\">http:\/\/neva.dk\/wp-content\/uploads\/2023\/10\/nyndemo11112.mp3<\/a><\/audio><\/div><\/div>\n<\/div>\n<\/div>\n<\/div>\n\n<div class=\"et_pb_section_4 et_pb_section et_section_regular et_block_section\">\n<div class=\"et_pb_row_8 et_pb_row et_pb_gutters3 et_block_row preset--module--divi-row--5138c454-be54-4233-bd3b-f8e6a8747976\">\n<div class=\"et_pb_column_10 et_pb_column et_pb_column_1_3 et_block_column et_pb_css_mix_blend_mode_passthrough preset--module--divi-column--5ba9882c-2fb0-4277-8d1c-e8cc74feeb07\">\n<div class=\"et_pb_heading_5 et_pb_heading et_pb_module et_block_module preset--module--divi-heading--a3805066-8711-43c7-9f62-5782da0e9f7a\"><div class=\"et_pb_heading_container\"><h5 class=\"et_pb_module_header\">Live fra Sommerfesten<\/h5><\/div><\/div>\n\n<div class=\"et_pb_video_0 et_pb_video et_pb_module et_flex_module\"><div class=\"et_pb_video_box\"><video controls><source type=\"video\/mp4\" src=\"http:\/\/neva.dk\/wp-content\/uploads\/2025\/12\/20250820_021428000_iOS.mov\" \/><\/video><\/div><\/div>\n<\/div>\n\n<div class=\"et_pb_column_11 et_pb_column et_pb_column_1_3 et_block_column et_pb_column_empty et_pb_css_mix_blend_mode_passthrough preset--module--divi-column--5ba9882c-2fb0-4277-8d1c-e8cc74feeb07\"><\/div>\n\n<div class=\"et_pb_column_12 et_pb_column et_pb_column_1_3 et-last-child et_block_column et_pb_column_empty et_pb_css_mix_blend_mode_passthrough preset--module--divi-column--5ba9882c-2fb0-4277-8d1c-e8cc74feeb07\"><\/div>\n<\/div>\n<\/div>\n\n<div class=\"et_pb_section_5 et_pb_section et_section_regular et_block_section\">\n<div class=\"et_pb_row_9 et_pb_row et_pb_gutters3 et_block_row preset--module--divi-row--5138c454-be54-4233-bd3b-f8e6a8747976\">\n<div class=\"et_pb_column_13 et_pb_column et_pb_column_4_4 et-last-child et_block_column et_pb_css_mix_blend_mode_passthrough preset--module--divi-column--73121f80-a3ef-4484-8763-c3f18e3c56d2\">\n<div class=\"et_pb_icon_0 et_pb_icon et_pb_module et_block_module ai_ignore_icon preset--module--divi-icon--c2c23269-d09e-4bca-9247-65cd5ecf15a9\"><span class=\"et_pb_icon_wrap\"><span class=\"et-pb-icon\">\uf653<\/span><\/span><\/div>\n\n<div class=\"et_pb_heading_6 et_pb_heading et_pb_module et_block_module preset--module--divi-heading--c33f07d9-41e0-421a-8799-5799df695cce\"><div class=\"et_pb_heading_container\"><h2 class=\"et_pb_module_header\">Publikums Anmeldelser<\/h2><\/div><\/div>\n<\/div>\n<\/div>\n\n<div class=\"et_pb_row_10 et_pb_row et_pb_gutters3 et_block_row preset--module--divi-row--5138c454-be54-4233-bd3b-f8e6a8747976\">\n<div class=\"et_pb_column_14 et_pb_column et_pb_column_1_3 et_block_column et_pb_css_mix_blend_mode_passthrough preset--module--divi-column--50607da8-57bc-4d4b-aaef-f02e41c2cc4a\">\n<div class=\"et_pb_blurb_2 et_pb_blurb et_pb_bg_layout_light et_pb_text_align_left et_pb_blurb_position_top et_pb_module et_block_module preset--module--divi-blurb--203c76fc-aee0-4484-9be1-f0e2ebd81a8f\"><div class=\"et_pb_blurb_content\"><div class=\"et_pb_main_blurb_image\"><span class=\"et_pb_image_wrap et_pb_only_image_mode_wrap\"><img decoding=\"async\" src=\"https:\/\/premadesections.divi.support\/premade\/wp-content\/uploads\/sites\/4\/2024\/04\/new-portrait-8-800x800-1.jpg\" class=\"et-waypoint et_pb_animation_off et_pb_animation_off_tablet et_pb_animation_off_phone\" \/><\/span><\/div><div class=\"et_pb_blurb_container\"><h4 class=\"et_pb_module_header\">Lars P<\/h4><div class=\"et_pb_blurb_description\"><p>Ivan Balleby var virkelig god og gav sig tid til en god samtale bagefter. En rigtig hyggelig mand.<\/p>\n<\/div><\/div><\/div><\/div>\n<\/div>\n\n<div class=\"et_pb_column_15 et_pb_column et_pb_column_1_3 et_block_column et_pb_css_mix_blend_mode_passthrough preset--module--divi-column--50607da8-57bc-4d4b-aaef-f02e41c2cc4a\">\n<div class=\"et_pb_blurb_3 et_pb_blurb et_pb_bg_layout_light et_pb_text_align_left et_pb_blurb_position_top et_pb_module et_block_module preset--module--divi-blurb--203c76fc-aee0-4484-9be1-f0e2ebd81a8f\"><div class=\"et_pb_blurb_content\"><div class=\"et_pb_main_blurb_image\"><span class=\"et_pb_image_wrap et_pb_only_image_mode_wrap\"><img decoding=\"async\" src=\"https:\/\/premadesections.divi.support\/premade\/wp-content\/uploads\/sites\/4\/2024\/04\/new-portrait-7-800x800-1.jpg\" class=\"et-waypoint et_pb_animation_off et_pb_animation_off_tablet et_pb_animation_off_phone\" \/><\/span><\/div><div class=\"et_pb_blurb_container\"><h4 class=\"et_pb_module_header\">Lilly <\/h4><div class=\"et_pb_blurb_description\"><p>Trubaduren Ivan form\u00e5ede at skabe en virkelig god stemning. Alle var enig i at han gjorde det rigtigt godt.<\/p>\n<\/div><\/div><\/div><\/div>\n<\/div>\n\n<div class=\"et_pb_column_16 et_pb_column et_pb_column_1_3 et-last-child et_block_column et_pb_css_mix_blend_mode_passthrough preset--module--divi-column--50607da8-57bc-4d4b-aaef-f02e41c2cc4a\">\n<div class=\"et_pb_blurb_4 et_pb_blurb et_pb_bg_layout_light et_pb_text_align_left et_pb_blurb_position_top et_pb_module et_block_module preset--module--divi-blurb--203c76fc-aee0-4484-9be1-f0e2ebd81a8f\"><div class=\"et_pb_blurb_content\"><div class=\"et_pb_main_blurb_image\"><span class=\"et_pb_image_wrap et_pb_only_image_mode_wrap\"><img decoding=\"async\" src=\"https:\/\/premadesections.divi.support\/premade\/wp-content\/uploads\/sites\/4\/2024\/04\/new-portrait-12-800x800-1.jpg\" class=\"et-waypoint et_pb_animation_off et_pb_animation_off_tablet et_pb_animation_off_phone\" \/><\/span><\/div><div class=\"et_pb_blurb_container\"><h4 class=\"et_pb_module_header\">Sofie <\/h4><div class=\"et_pb_blurb_description\"><p>Ivan Balleby leverer altid.\u00a0Hans musik r\u00f8rer ved hjertet og skaber gl\u00e6de hos alle tilh\u00f8rere.<\/p>\n<\/div><\/div><\/div><\/div>\n<\/div>\n<\/div>\n<\/div>\n\n<div class=\"et_pb_section_6 et_pb_section et_section_regular et_block_section\">\n<div class=\"et_pb_row_11 et_pb_row et_pb_gutters3 et_block_row preset--module--divi-row--5138c454-be54-4233-bd3b-f8e6a8747976\">\n<div class=\"et_pb_column_17 et_pb_column et_pb_column_4_4 et-last-child et_block_column et_pb_css_mix_blend_mode_passthrough preset--module--divi-column--73121f80-a3ef-4484-8763-c3f18e3c56d2\">\n<div class=\"et_pb_cta_0 et_pb_promo et_pb_bg_layout_dark et_pb_module et_block_module preset--module--divi-cta--0cae81ab-7223-4b50-8e71-bfb309c58c86\"><div class=\"et_pb_promo_description\"><h2 class=\"et_pb_module_header\">Print Dit Visitkort Nu<\/h2><div class=\"et_pb_promo_content\"><p><img loading=\"lazy\" decoding=\"async\" src=\"http:\/\/neva.dk\/wp-content\/uploads\/2025\/11\/side01-300x171.jpg\" width=\"300\" height=\"171\" alt=\"\" class=\"wp-image-385 alignnone size-medium\" \/><\/p>\n<p>G\u00f8r et varigt indtryk med et personligt visitkort. Klik her for at udskrive dit visitkort direkte fra Neva og del din passion for &#8216;Guitar og sang&#8217;.<\/p>\n<\/div><\/div><\/div>\n<\/div>\n<\/div>\n<\/div>","protected":false},"excerpt":{"rendered":"<p>print picture<\/p>\n","protected":false},"author":1,"featured_media":385,"parent":0,"menu_order":0,"comment_status":"closed","ping_status":"closed","template":"","meta":{"footnotes":""},"class_list":["post-382","page","type-page","status-publish","has-post-thumbnail","hentry"],"jetpack_sharing_enabled":true,"_links":{"self":[{"href":"http:\/\/neva.dk\/index.php\/wp-json\/wp\/v2\/pages\/382","targetHints":{"allow":["GET"]}}],"collection":[{"href":"http:\/\/neva.dk\/index.php\/wp-json\/wp\/v2\/pages"}],"about":[{"href":"http:\/\/neva.dk\/index.php\/wp-json\/wp\/v2\/types\/page"}],"author":[{"embeddable":true,"href":"http:\/\/neva.dk\/index.php\/wp-json\/wp\/v2\/users\/1"}],"replies":[{"embeddable":true,"href":"http:\/\/neva.dk\/index.php\/wp-json\/wp\/v2\/comments?post=382"}],"version-history":[{"count":54,"href":"http:\/\/neva.dk\/index.php\/wp-json\/wp\/v2\/pages\/382\/revisions"}],"predecessor-version":[{"id":560,"href":"http:\/\/neva.dk\/index.php\/wp-json\/wp\/v2\/pages\/382\/revisions\/560"}],"wp:featuredmedia":[{"embeddable":true,"href":"http:\/\/neva.dk\/index.php\/wp-json\/wp\/v2\/media\/385"}],"wp:attachment":[{"href":"http:\/\/neva.dk\/index.php\/wp-json\/wp\/v2\/media?parent=382"}],"curies":[{"name":"wp","href":"https:\/\/api.w.org\/{rel}","templated":true}]}}